{"id":1324,"date":"2024-06-07T16:37:36","date_gmt":"2024-06-07T16:37:36","guid":{"rendered":"https:\/\/compassgreenfield.ca\/about\/"},"modified":"2024-12-19T17:18:53","modified_gmt":"2024-12-19T17:18:53","slug":"about","status":"publish","type":"page","link":"https:\/\/compassgreenfield.ca\/fr\/about\/","title":{"rendered":"\u00c0 propos"},"content":{"rendered":"<div class=\"wp-block-uagb-container uagb-block-3ad17e27 alignfull uagb-is-root-container\"><div class=\"uagb-container-inner-blocks-wrap\">\n<div class=\"wp-block-uagb-advanced-heading uagb-block-8a1eebc0\"><h1 class=\"uagb-heading-text\">\u00c0 propos<\/h1><\/div>\n<\/div><\/div>\n\n\n\n<div class=\"wp-block-uagb-container uagb-block-f8ec2bd3 alignfull uagb-is-root-container\"><div class=\"uagb-container-inner-blocks-wrap\">\n<div class=\"wp-block-uagb-advanced-heading uagb-block-b317ae0b\"><h3 class=\"uagb-heading-text\">Histoire<\/h3><\/div>\n\n\n\n<p style=\"padding-top:var(--wp--preset--spacing--50);padding-right:var(--wp--preset--spacing--40);padding-bottom:var(--wp--preset--spacing--50);padding-left:var(--wp--preset--spacing--40)\">Compass Greenfield Development (CGD) est n\u00e9e de <a href=\"https:\/\/compassenergyconsulting.ca\/\" data-type=\"link\" data-id=\"https:\/\/compassenergyconsulting.ca\/\" target=\"_blank\" rel=\"noreferrer noopener\">Compass Renewable Energy Consulting Inc. (CGD),<\/a> un cabinet-conseil strat\u00e9gique, r\u00e9glementaire et technique actif depuis 2011 sur les march\u00e9s nord-am\u00e9ricains des \u00e9nergies renouvelables et propres, CGD met \u00e0 profit son expertise et applique une m\u00e9thodologie \u00e9prouv\u00e9e pour identifier et faire avancer les projets de d\u00e9veloppement de nouveaux sites destin\u00e9s \u00e0 des installations solaires et de stockage d\u2019\u00e9nergie par batteries.&nbsp;<br>&nbsp;<br>CGD capitalise sur son expertise-conseil et applique une m\u00e9thodologie \u00e9prouv\u00e9e pour identifier et faire progresser les projets de d\u00e9veloppement sur de nouveaux sites pour des installations solaires et de stockage d\u2019\u00e9nergie par batterie. Nous adoptons une vision strat\u00e9gique de long terme, combin\u00e9e \u00e0 une exp\u00e9rience sur le terrain concr\u00e8te, ce qui permet une implication dans toutes les \u00e9tapes du projet, de son d\u00e9veloppement jusqu\u2019\u00e0 sa mise en service commerciale. Tous nos partenaires en b\u00e9n\u00e9ficient : propri\u00e9taires fonciers, municipalit\u00e9s, partenaires autochtones, investisseurs et grand public.&nbsp;<br>&nbsp;<br>Convaincus de l\u2019importance de la transition \u00e9nerg\u00e9tique, nous sommes fiers de prendre des actions concr\u00e8tes, en \u00e9troite collaboration avec les autorit\u00e9s publiques, les propri\u00e9taires fonciers, les partenaires autochtones et les communaut\u00e9s locales, qui sont au c\u0153ur du succ\u00e8s de cette transformation.&nbsp;<\/p>\n\n\n\n<div class=\"wp-block-uagb-advanced-heading uagb-block-9a0f2a47\"><h3 class=\"uagb-heading-text\">Notre Approche<\/h3><\/div>\n\n\n\n<p style=\"padding-top:var(--wp--preset--spacing--30);padding-right:var(--wp--preset--spacing--40);padding-bottom:var(--wp--preset--spacing--30);padding-left:var(--wp--preset--spacing--40)\">CGD adopte une vision \u00e0 long terme dans toutes ses activit\u00e9s de d\u00e9veloppement. Nos infrastructures, tout comme nos partenariats, sont con\u00e7ues pour durer de 25 \u00e0 40 ans. Nous croyons en l\u2019\u00e9tablissement de relations de confiance, fond\u00e9es sur la transparence, avec l\u2019ensemble de nos partenaires de projet.\n\nCette confiance explique pourquoi nous privil\u00e9gions une approche collaborative, respectueuse et patiente envers les propri\u00e9taires fonciers, les communaut\u00e9s d\u2019accueil et les partenaires autochtones.&nbsp;&nbsp;<\/p>\n<\/div><\/div>\n\n\n\n<div class=\"wp-block-uagb-container uagb-block-5fcee4f8 alignfull uagb-is-root-container\"><div class=\"uagb-container-inner-blocks-wrap\">\n<div class=\"wp-block-uagb-advanced-heading uagb-block-2b5f3149\"><h3 class=\"uagb-heading-text\">Fier Membre de<\/h3><div class=\"uagb-separator\"><\/div><\/div>\n\n\n\n<div class=\"wp-block-uagb-container uagb-block-4a8e1942\">\n<div class=\"wp-block-uagb-container uagb-block-c988f562\">\n<div class=\"wp-block-uagb-image alignleft uagb-block-a35d235b wp-block-uagb-image--layout-default wp-block-uagb-image--effect-static wp-block-uagb-image--align-left\"><figure class=\"wp-block-uagb-image__figure\"><img decoding=\"async\" srcset=\"https:\/\/compassgreenfield.ca\/wp-content\/uploads\/2024\/12\/Agrivolaics-Logo.png ,https:\/\/compassgreenfield.ca\/wp-content\/uploads\/2024\/12\/Agrivolaics-Logo.png 780w, https:\/\/compassgreenfield.ca\/wp-content\/uploads\/2024\/12\/Agrivolaics-Logo.png 360w\" sizes=\"auto, (max-width: 480px) 150px\" src=\"https:\/\/compassgreenfield.ca\/wp-content\/uploads\/2024\/12\/Agrivolaics-Logo.png\" alt=\"\" class=\"uag-image-2514\" width=\"373\" height=\"200\" title=\"Agrivolaics-Logo\" loading=\"lazy\" role=\"img\"\/><\/figure><\/div>\n<\/div>\n\n\n\n<div class=\"wp-block-uagb-container uagb-block-0ad6ff4e\">\n<div class=\"wp-block-uagb-image alignleft uagb-block-930d8e85 wp-block-uagb-image--layout-default wp-block-uagb-image--effect-static wp-block-uagb-image--align-left\"><figure class=\"wp-block-uagb-image__figure\"><img decoding=\"async\" srcset=\"https:\/\/compassgreenfield.ca\/wp-content\/uploads\/2025\/05\/French-CanRea-1024x233.png ,https:\/\/compassgreenfield.ca\/wp-content\/uploads\/2025\/05\/French-CanRea-scaled.png 780w, https:\/\/compassgreenfield.ca\/wp-content\/uploads\/2025\/05\/French-CanRea-scaled.png 360w\" sizes=\"auto, (max-width: 480px) 150px\" src=\"https:\/\/compassgreenfield.ca\/wp-content\/uploads\/2025\/05\/French-CanRea-1024x233.png\" alt=\"\" class=\"uag-image-2569\" width=\"1024\" height=\"233\" title=\"French CanRea\" loading=\"lazy\" role=\"img\"\/><\/figure><\/div>\n<\/div>\n\n\n\n<div class=\"wp-block-uagb-container uagb-block-48a31e6a\">\n<div class=\"wp-block-uagb-image alignleft uagb-block-2675d6b0 wp-block-uagb-image--layout-default wp-block-uagb-image--effect-static wp-block-uagb-image--align-left\"><figure class=\"wp-block-uagb-image__figure\"><img decoding=\"async\" srcset=\"https:\/\/compassgreenfield.ca\/wp-content\/uploads\/2024\/12\/ESC_Logo_FINAL_2016_Web-300x78.png ,https:\/\/compassgreenfield.ca\/wp-content\/uploads\/2024\/12\/ESC_Logo_FINAL_2016_Web.png 780w, https:\/\/compassgreenfield.ca\/wp-content\/uploads\/2024\/12\/ESC_Logo_FINAL_2016_Web.png 360w\" sizes=\"auto, (max-width: 480px) 150px\" src=\"https:\/\/compassgreenfield.ca\/wp-content\/uploads\/2024\/12\/ESC_Logo_FINAL_2016_Web-300x78.png\" alt=\"\" class=\"uag-image-2525\" width=\"300\" height=\"78\" title=\"ESC_Logo_FINAL_2016_Web\" loading=\"lazy\" role=\"img\"\/><\/figure><\/div>\n<\/div>\n<\/div>\n<\/div><\/div>\n\n\n\n<div class=\"wp-block-uagb-container uag-hide-desktop uag-hide-tab uag-hide-mob uagb-block-61e8ac2a alignfull uagb-is-root-container\"><div class=\"uagb-container-inner-blocks-wrap\">\n<div class=\"wp-block-uagb-image aligncenter uagb-block-052b1f4c wp-block-uagb-image--layout-default wp-block-uagb-image--effect-static wp-block-uagb-image--align-center\"><figure class=\"wp-block-uagb-image__figure\"><img decoding=\"async\" srcset=\"https:\/\/compassgreenfield.ca\/wp-content\/uploads\/2021\/11\/quotes.svg ,https:\/\/compassgreenfield.ca\/wp-content\/uploads\/2021\/11\/quotes.svg 780w, https:\/\/compassgreenfield.ca\/wp-content\/uploads\/2021\/11\/quotes.svg 360w\" sizes=\"auto, (max-width: 480px) 150px\" src=\"https:\/\/compassgreenfield.ca\/wp-content\/uploads\/2021\/11\/quotes.svg\" alt=\"\" class=\"uag-image-117\" width=\"37\" height=\"38\" title=\"quotes\" loading=\"lazy\" role=\"img\"\/><\/figure><\/div>\n\n\n\n<div class=\"wp-block-uagb-info-box uagb-block-54aaf525 uagb-infobox__content-wrap  uagb-infobox-icon-below-title uagb-infobox-image-valign-top\"><div class=\"uagb-ifb-content\"><div class=\"uagb-ifb-title-wrap\"><h4 class=\"uagb-ifb-title\">\u201cCGD Lorem ipsum dolor sit amet, consectetur adipiscing elit, sed do eiusmod tempor incididunt ut labore et dolore magna aliqua.\u201d<\/h4><\/div><div class=\"uagb-ifb-image-content\"><img decoding=\"async\" src=\"https:\/\/compassgreenfield.ca\/wp-content\/uploads\/2021\/11\/avatar_on_about.png\" alt=\"\" width=\"50\" height=\"50\" loading=\"lazy\"\/><\/div><p class=\"uagb-ifb-desc\">Wieste or Bartlett<\/p><\/div><\/div>\n<\/div><\/div>","protected":false},"excerpt":{"rendered":"<p>About History Compass Greenfield Development (CGD) was born out of Compass Renewable Energy Consulting Inc. a regulatory, strategic and technical advisory firm working across the North American renewable and clean energy markets since 2011.&nbsp;&nbsp;CGD leverages our consulting DNA, implementing a proven process, to identify and advance greenfield development opportunities for solar and battery energy storage. [&hellip;]<\/p>\n","protected":false},"author":1,"featured_media":0,"parent":0,"menu_order":0,"comment_status":"closed","ping_status":"closed","template":"","meta":{"_acf_changed":false,"_uag_custom_page_level_css":"","site-sidebar-layout":"no-sidebar","site-content-layout":"page-builder","ast-site-content-layout":"full-width-container","site-content-style":"unboxed","site-sidebar-style":"default","ast-global-header-display":"","ast-banner-title-visibility":"","ast-main-header-display":"","ast-hfb-above-header-display":"","ast-hfb-below-header-display":"","ast-hfb-mobile-header-display":"","site-post-title":"disabled","ast-breadcrumbs-content":"","ast-featured-img":"disabled","footer-sml-layout":"","ast-disable-related-posts":"","theme-transparent-header-meta":"enabled","adv-header-id-meta":"","stick-header-meta":"","header-above-stick-meta":"","header-main-stick-meta":"","header-below-stick-meta":"","astra-migrate-meta-layouts":"set","ast-page-background-enabled":"default","ast-page-background-meta":{"desktop":{"background-color":"var(--ast-global-color-4)","background-image":"","background-repeat":"repeat","background-position":"center center","background-size":"auto","background-attachment":"scroll","background-type":"","background-media":"","overlay-type":"","overlay-color":"","overlay-opacity":"","overlay-gradient":""},"tablet":{"background-color":"","background-image":"","background-repeat":"repeat","background-position":"center center","background-size":"auto","background-attachment":"scroll","background-type":"","background-media":"","overlay-type":"","overlay-color":"","overlay-opacity":"","overlay-gradient":""},"mobile":{"background-color":"","background-image":"","background-repeat":"repeat","background-position":"center center","background-size":"auto","background-attachment":"scroll","background-type":"","background-media":"","overlay-type":"","overlay-color":"","overlay-opacity":"","overlay-gradient":""}},"ast-content-background-meta":{"desktop":{"background-color":"var(--ast-global-color-5)","background-image":"","background-repeat":"repeat","background-position":"center center","background-size":"auto","background-attachment":"scroll","background-type":"","background-media":"","overlay-type":"","overlay-color":"","overlay-opacity":"","overlay-gradient":""},"tablet":{"background-color":"var(--ast-global-color-5)","background-image":"","background-repeat":"repeat","background-position":"center center","background-size":"auto","background-attachment":"scroll","background-type":"","background-media":"","overlay-type":"","overlay-color":"","overlay-opacity":"","overlay-gradient":""},"mobile":{"background-color":"var(--ast-global-color-5)","background-image":"","background-repeat":"repeat","background-position":"center center","background-size":"auto","background-attachment":"scroll","background-type":"","background-media":"","overlay-type":"","overlay-color":"","overlay-opacity":"","overlay-gradient":""}},"footnotes":""},"class_list":["post-1324","page","type-page","status-publish","hentry"],"acf":[],"uagb_featured_image_src":{"full":false,"thumbnail":false,"medium":false,"medium_large":false,"large":false,"1536x1536":false,"2048x2048":false,"trp-custom-language-flag":false},"uagb_author_info":{"display_name":"mbelo","author_link":"https:\/\/compassgreenfield.ca\/fr\/author\/mbelo\/"},"uagb_comment_info":0,"uagb_excerpt":"About History Compass Greenfield Development (CGD) was born out of Compass Renewable Energy Consulting Inc. a regulatory, strategic and technical advisory firm working across the North American renewable and clean energy markets since 2011.&nbsp;&nbsp;CGD leverages our consulting DNA, implementing a proven process, to identify and advance greenfield development opportunities for solar and battery energy storage.&hellip;","_links":{"self":[{"href":"https:\/\/compassgreenfield.ca\/fr\/wp-json\/wp\/v2\/pages\/1324","targetHints":{"allow":["GET"]}}],"collection":[{"href":"https:\/\/compassgreenfield.ca\/fr\/wp-json\/wp\/v2\/pages"}],"about":[{"href":"https:\/\/compassgreenfield.ca\/fr\/wp-json\/wp\/v2\/types\/page"}],"author":[{"embeddable":true,"href":"https:\/\/compassgreenfield.ca\/fr\/wp-json\/wp\/v2\/users\/1"}],"replies":[{"embeddable":true,"href":"https:\/\/compassgreenfield.ca\/fr\/wp-json\/wp\/v2\/comments?post=1324"}],"version-history":[{"count":18,"href":"https:\/\/compassgreenfield.ca\/fr\/wp-json\/wp\/v2\/pages\/1324\/revisions"}],"predecessor-version":[{"id":2541,"href":"https:\/\/compassgreenfield.ca\/fr\/wp-json\/wp\/v2\/pages\/1324\/revisions\/2541"}],"wp:attachment":[{"href":"https:\/\/compassgreenfield.ca\/fr\/wp-json\/wp\/v2\/media?parent=1324"}],"curies":[{"name":"wp","href":"https:\/\/api.w.org\/{rel}","templated":true}]}}